{"id":42,"date":"2017-09-20T14:57:20","date_gmt":"2017-09-20T17:57:20","guid":{"rendered":"http:\/\/toptek.com.br\/2018\/?page_id=42"},"modified":"2018-02-07T08:23:31","modified_gmt":"2018-02-07T10:23:31","slug":"a-empresa","status":"publish","type":"page","link":"http:\/\/toptek.com.br\/2018\/a-empresa\/","title":{"rendered":"A empresa"},"content":{"rendered":"<div class=\"vc_row wpb_row vc_row-fluid vc_custom_1513358909508\"><div class=\"wpb_column vc_column_container vc_col-sm-12\"><div class=\"vc_column-inner \"><div class=\"wpb_wrapper\"><div id=\"ts-vcsc-image-switch-5002097\" data-event=\"none\" data-trigger=\"ts-trigger-hover\" class=\"ts-imageswitch ts-imageswitch-fade ts-trigger-hover ts-imagefloat-center  ts-imageswitch-before   \"  style=\"margin-top: 0px; margin-bottom: 0px; width: 100%;\"><div id=\"ts-vcsc-image-switch-5002097-counter\" class=\"ts-switch-wrapper \" style=\"width: 100%; height: 100%;\"><div style=\"\" data-link=\"ts-vcsc-image-switch-5002097-link\" ><ol class=\"ts-imageswitch-items\" style=\"padding: 0px;\"><li class=\"ts-imageswitch__before active\" style=\"height: 100%;\"><img decoding=\"async\" src=\"http:\/\/toptek.com.br\/2018\/wp-content\/uploads\/2017\/09\/tt0.png\" data-no-lazy=\"1\" alt=\"tt0\" style=\"width: 100%; height: auto;\" data-status=\"Before\"><\/li><li class=\"ts-imageswitch__after\" style=\"\" style=\"height: 100%;\"><img decoding=\"async\" src=\"http:\/\/toptek.com.br\/2018\/wp-content\/uploads\/2017\/09\/qsHover-1.png\" data-no-lazy=\"1\" alt=\"qsHover-1\" style=\"width: 100%; height: auto;\" data-status=\"After\" style=\"\"><\/li><\/ol><\/div><\/div><\/div><\/div><\/div><\/div><\/div><div class=\"vc_row wpb_row vc_row-fluid vc_custom_1507581585978\"><div class=\"wpb_column vc_column_container vc_col-sm-12\"><div class=\"vc_column-inner \"><div class=\"wpb_wrapper\"><div class=\"vc_separator wpb_content_element vc_separator_align_center vc_sep_width_80 vc_sep_border_width_2 vc_sep_pos_align_center vc_separator_no_text vc_sep_color_grey\" ><span class=\"vc_sep_holder vc_sep_holder_l\"><span  class=\"vc_sep_line\"><\/span><\/span><span class=\"vc_sep_holder vc_sep_holder_r\"><span  class=\"vc_sep_line\"><\/span><\/span>\n<\/div><\/div><\/div><\/div><\/div><div data-vc-full-width=\"true\" data-vc-full-width-init=\"false\" class=\"vc_row wpb_row vc_row-fluid vc_custom_1516221694265 vc_row-has-fill\"><div class=\"wpb_column vc_column_container vc_col-sm-4\"><div class=\"vc_column-inner \"><div class=\"wpb_wrapper\">\n\t<div class=\"wpb_text_column wpb_content_element \" >\n\t\t<div class=\"wpb_wrapper\">\n\t\t\t<h3>Vis\u00e3o<\/h3>\n<p>Prover Projetos e Servi\u00e7os com excel\u00eancia em qualidade e seguran\u00e7a superando as expectativas de nossos clientes<\/p>\n\n\t\t<\/div>\n\t<\/div>\n<\/div><\/div><\/div><div class=\"wpb_column vc_column_container vc_col-sm-4\"><div class=\"vc_column-inner \"><div class=\"wpb_wrapper\">\n\t<div class=\"wpb_text_column wpb_content_element \" >\n\t\t<div class=\"wpb_wrapper\">\n\t\t\t<h3>Miss\u00e3o<\/h3>\n<p>Participar integralmente e com efic\u00e1cia das solu\u00e7\u00f5es tecnol\u00f3gicas dos clientes conquistados.<\/p>\n\n\t\t<\/div>\n\t<\/div>\n<\/div><\/div><\/div><div class=\"wpb_column vc_column_container vc_col-sm-4\"><div class=\"vc_column-inner \"><div class=\"wpb_wrapper\">\n\t<div class=\"wpb_text_column wpb_content_element \" >\n\t\t<div class=\"wpb_wrapper\">\n\t\t\t<h3>Valores<\/h3>\n<p>\u00c9tica, Integridade, Respeito, Coopera\u00e7\u00e3o, Comprometimento, Transpar\u00eancia, Efic\u00e1cia, Sustentabilidade Social<\/p>\n\n\t\t<\/div>\n\t<\/div>\n<\/div><\/div><\/div><\/div><div class=\"vc_row-full-width vc_clearfix\"><\/div><div class=\"vc_row wpb_row vc_row-fluid\"><div class=\"wpb_column vc_column_container vc_col-sm-6\"><div class=\"vc_column-inner \"><div class=\"wpb_wrapper\">\n\t<div class=\"wpb_text_column wpb_content_element \" >\n\t\t<div class=\"wpb_wrapper\">\n\t\t\t<h3>Consumidores por regi\u00e3o<\/h3>\n<p><img fetchpriority=\"high\" decoding=\"async\" width=\"544\" height=\"340\" class=\"alignnone size-full wp-image-201\" src=\"http:\/\/toptek.com.br\/2018\/wp-content\/uploads\/2017\/09\/mapa.png\" alt=\"\" srcset=\"http:\/\/toptek.com.br\/2018\/wp-content\/uploads\/2017\/09\/mapa.png 544w, http:\/\/toptek.com.br\/2018\/wp-content\/uploads\/2017\/09\/mapa-250x156.png 250w, http:\/\/toptek.com.br\/2018\/wp-content\/uploads\/2017\/09\/mapa-120x75.png 120w\" sizes=\"(max-width: 544px) 100vw, 544px\" \/><\/p>\n\n\t\t<\/div>\n\t<\/div>\n<\/div><\/div><\/div><div class=\"wpb_column vc_column_container vc_col-sm-6\"><div class=\"vc_column-inner \"><div class=\"wpb_wrapper\">\n\t<div class=\"wpb_text_column wpb_content_element \" >\n\t\t<div class=\"wpb_wrapper\">\n\t\t\t<h3>Consumidores por segmento<\/h3>\n<p><img decoding=\"async\" class=\"alignnone wp-image-198 size-full\" src=\"http:\/\/toptek.com.br\/2018\/wp-content\/uploads\/2017\/09\/dadosGerais.png\" alt=\"\" width=\"544\" height=\"340\" srcset=\"http:\/\/toptek.com.br\/2018\/wp-content\/uploads\/2017\/09\/dadosGerais.png 544w, http:\/\/toptek.com.br\/2018\/wp-content\/uploads\/2017\/09\/dadosGerais-250x156.png 250w, http:\/\/toptek.com.br\/2018\/wp-content\/uploads\/2017\/09\/dadosGerais-120x75.png 120w\" sizes=\"(max-width: 544px) 100vw, 544px\" \/><\/p>\n\n\t\t<\/div>\n\t<\/div>\n<\/div><\/div><\/div><\/div>\n","protected":false},"excerpt":{"rendered":"Vis\u00e3o Prover Projetos e Servi\u00e7os com excel\u00eancia em qualidade e seguran\u00e7a superando as expectativas de nossos clientes Miss\u00e3o Participar integralmente e com efic\u00e1cia das solu\u00e7\u00f5es tecnol\u00f3gicas dos clientes conquistados. Valores \u00c9tica, Integridade, Respeito, Coopera\u00e7\u00e3o, Comprometimento, Transpar\u00eancia, Efic\u00e1cia, Sustentabilidade Social Consumidores por regi\u00e3o Consumidores por segmento","protected":false},"author":1,"featured_media":0,"parent":0,"menu_order":0,"comment_status":"closed","ping_status":"closed","template":"","meta":{"footnotes":""},"class_list":["post-42","page","type-page","status-publish","hentry"],"yoast_head":"<!-- This site is optimized with the Yoast SEO plugin v26.9 - https:\/\/yoast.com\/product\/yoast-seo-wordpress\/ -->\n<title>A empresa - TOPTEK<\/title>\n<meta name=\"robots\" content=\"index, follow, max-snippet:-1, max-image-preview:large, max-video-preview:-1\" \/>\n<link rel=\"canonical\" href=\"https:\/\/toptek.com.br\/2018\/a-empresa\/\" \/>\n<meta property=\"og:locale\" content=\"pt_BR\" \/>\n<meta property=\"og:type\" content=\"article\" \/>\n<meta property=\"og:title\" content=\"A empresa - TOPTEK\" \/>\n<meta property=\"og:url\" content=\"https:\/\/toptek.com.br\/2018\/a-empresa\/\" \/>\n<meta property=\"og:site_name\" content=\"TOPTEK\" \/>\n<meta property=\"article:modified_time\" content=\"2018-02-07T10:23:31+00:00\" \/>\n<meta property=\"og:image\" content=\"http:\/\/toptek.com.br\/2018\/wp-content\/uploads\/2017\/09\/mapa.png\" \/>\n<meta name=\"twitter:card\" content=\"summary_large_image\" \/>\n<meta name=\"twitter:label1\" content=\"Est. tempo de leitura\" \/>\n\t<meta name=\"twitter:data1\" content=\"1 minuto\" \/>\n<script type=\"application\/ld+json\" class=\"yoast-schema-graph\">{\"@context\":\"https:\/\/schema.org\",\"@graph\":[{\"@type\":\"WebPage\",\"@id\":\"https:\/\/toptek.com.br\/2018\/a-empresa\/\",\"url\":\"https:\/\/toptek.com.br\/2018\/a-empresa\/\",\"name\":\"A empresa - TOPTEK\",\"isPartOf\":{\"@id\":\"http:\/\/toptek.com.br\/2018\/#website\"},\"primaryImageOfPage\":{\"@id\":\"https:\/\/toptek.com.br\/2018\/a-empresa\/#primaryimage\"},\"image\":{\"@id\":\"https:\/\/toptek.com.br\/2018\/a-empresa\/#primaryimage\"},\"thumbnailUrl\":\"http:\/\/toptek.com.br\/2018\/wp-content\/uploads\/2017\/09\/mapa.png\",\"datePublished\":\"2017-09-20T17:57:20+00:00\",\"dateModified\":\"2018-02-07T10:23:31+00:00\",\"breadcrumb\":{\"@id\":\"https:\/\/toptek.com.br\/2018\/a-empresa\/#breadcrumb\"},\"inLanguage\":\"pt-BR\",\"potentialAction\":[{\"@type\":\"ReadAction\",\"target\":[\"https:\/\/toptek.com.br\/2018\/a-empresa\/\"]}]},{\"@type\":\"ImageObject\",\"inLanguage\":\"pt-BR\",\"@id\":\"https:\/\/toptek.com.br\/2018\/a-empresa\/#primaryimage\",\"url\":\"http:\/\/toptek.com.br\/2018\/wp-content\/uploads\/2017\/09\/mapa.png\",\"contentUrl\":\"http:\/\/toptek.com.br\/2018\/wp-content\/uploads\/2017\/09\/mapa.png\",\"width\":544,\"height\":340},{\"@type\":\"BreadcrumbList\",\"@id\":\"https:\/\/toptek.com.br\/2018\/a-empresa\/#breadcrumb\",\"itemListElement\":[{\"@type\":\"ListItem\",\"position\":1,\"name\":\"In\u00edcio\",\"item\":\"http:\/\/toptek.com.br\/2018\/\"},{\"@type\":\"ListItem\",\"position\":2,\"name\":\"A empresa\"}]},{\"@type\":\"WebSite\",\"@id\":\"http:\/\/toptek.com.br\/2018\/#website\",\"url\":\"http:\/\/toptek.com.br\/2018\/\",\"name\":\"TOPTEK\",\"description\":\"Lousas smart, robogarden e solu\u00e7\u00f5es customizadas\",\"potentialAction\":[{\"@type\":\"SearchAction\",\"target\":{\"@type\":\"EntryPoint\",\"urlTemplate\":\"http:\/\/toptek.com.br\/2018\/?s={search_term_string}\"},\"query-input\":{\"@type\":\"PropertyValueSpecification\",\"valueRequired\":true,\"valueName\":\"search_term_string\"}}],\"inLanguage\":\"pt-BR\"}]}<\/script>\n<!-- \/ Yoast SEO plugin. -->","yoast_head_json":{"title":"A empresa - TOPTEK","robots":{"index":"index","follow":"follow","max-snippet":"max-snippet:-1","max-image-preview":"max-image-preview:large","max-video-preview":"max-video-preview:-1"},"canonical":"https:\/\/toptek.com.br\/2018\/a-empresa\/","og_locale":"pt_BR","og_type":"article","og_title":"A empresa - TOPTEK","og_url":"https:\/\/toptek.com.br\/2018\/a-empresa\/","og_site_name":"TOPTEK","article_modified_time":"2018-02-07T10:23:31+00:00","og_image":[{"url":"http:\/\/toptek.com.br\/2018\/wp-content\/uploads\/2017\/09\/mapa.png","type":"","width":"","height":""}],"twitter_card":"summary_large_image","twitter_misc":{"Est. tempo de leitura":"1 minuto"},"schema":{"@context":"https:\/\/schema.org","@graph":[{"@type":"WebPage","@id":"https:\/\/toptek.com.br\/2018\/a-empresa\/","url":"https:\/\/toptek.com.br\/2018\/a-empresa\/","name":"A empresa - TOPTEK","isPartOf":{"@id":"http:\/\/toptek.com.br\/2018\/#website"},"primaryImageOfPage":{"@id":"https:\/\/toptek.com.br\/2018\/a-empresa\/#primaryimage"},"image":{"@id":"https:\/\/toptek.com.br\/2018\/a-empresa\/#primaryimage"},"thumbnailUrl":"http:\/\/toptek.com.br\/2018\/wp-content\/uploads\/2017\/09\/mapa.png","datePublished":"2017-09-20T17:57:20+00:00","dateModified":"2018-02-07T10:23:31+00:00","breadcrumb":{"@id":"https:\/\/toptek.com.br\/2018\/a-empresa\/#breadcrumb"},"inLanguage":"pt-BR","potentialAction":[{"@type":"ReadAction","target":["https:\/\/toptek.com.br\/2018\/a-empresa\/"]}]},{"@type":"ImageObject","inLanguage":"pt-BR","@id":"https:\/\/toptek.com.br\/2018\/a-empresa\/#primaryimage","url":"http:\/\/toptek.com.br\/2018\/wp-content\/uploads\/2017\/09\/mapa.png","contentUrl":"http:\/\/toptek.com.br\/2018\/wp-content\/uploads\/2017\/09\/mapa.png","width":544,"height":340},{"@type":"BreadcrumbList","@id":"https:\/\/toptek.com.br\/2018\/a-empresa\/#breadcrumb","itemListElement":[{"@type":"ListItem","position":1,"name":"In\u00edcio","item":"http:\/\/toptek.com.br\/2018\/"},{"@type":"ListItem","position":2,"name":"A empresa"}]},{"@type":"WebSite","@id":"http:\/\/toptek.com.br\/2018\/#website","url":"http:\/\/toptek.com.br\/2018\/","name":"TOPTEK","description":"Lousas smart, robogarden e solu\u00e7\u00f5es customizadas","potentialAction":[{"@type":"SearchAction","target":{"@type":"EntryPoint","urlTemplate":"http:\/\/toptek.com.br\/2018\/?s={search_term_string}"},"query-input":{"@type":"PropertyValueSpecification","valueRequired":true,"valueName":"search_term_string"}}],"inLanguage":"pt-BR"}]}},"_links":{"self":[{"href":"http:\/\/toptek.com.br\/2018\/wp-json\/wp\/v2\/pages\/42","targetHints":{"allow":["GET"]}}],"collection":[{"href":"http:\/\/toptek.com.br\/2018\/wp-json\/wp\/v2\/pages"}],"about":[{"href":"http:\/\/toptek.com.br\/2018\/wp-json\/wp\/v2\/types\/page"}],"author":[{"embeddable":true,"href":"http:\/\/toptek.com.br\/2018\/wp-json\/wp\/v2\/users\/1"}],"replies":[{"embeddable":true,"href":"http:\/\/toptek.com.br\/2018\/wp-json\/wp\/v2\/comments?post=42"}],"version-history":[{"count":33,"href":"http:\/\/toptek.com.br\/2018\/wp-json\/wp\/v2\/pages\/42\/revisions"}],"predecessor-version":[{"id":492,"href":"http:\/\/toptek.com.br\/2018\/wp-json\/wp\/v2\/pages\/42\/revisions\/492"}],"wp:attachment":[{"href":"http:\/\/toptek.com.br\/2018\/wp-json\/wp\/v2\/media?parent=42"}],"curies":[{"name":"wp","href":"https:\/\/api.w.org\/{rel}","templated":true}]}}