{"id":105,"date":"2017-09-21T00:30:56","date_gmt":"2017-09-21T03:30:56","guid":{"rendered":"http:\/\/toptek.com.br\/2018\/?page_id=105"},"modified":"2018-02-05T14:03:21","modified_gmt":"2018-02-05T16:03:21","slug":"orcamento","status":"publish","type":"page","link":"http:\/\/toptek.com.br\/2018\/orcamento\/","title":{"rendered":"Or\u00e7amento"},"content":{"rendered":"<div class=\"vc_row wpb_row vc_row-fluid vc_custom_1516302047462\"><div class=\"wpb_column vc_column_container vc_col-sm-3\"><div class=\"vc_column-inner \"><div class=\"wpb_wrapper\">\n\t<div  class=\"wpb_single_image wpb_content_element vc_align_left\">\n\t\t\n\t\t<figure class=\"wpb_wrapper vc_figure\">\n\t\t\t<div class=\"vc_single_image-wrapper   vc_box_border_grey\"><img decoding=\"async\" width=\"223\" height=\"69\" src=\"http:\/\/toptek.com.br\/2018\/wp-content\/uploads\/2017\/09\/orchead.jpg\" class=\"vc_single_image-img attachment-full\" alt=\"\" srcset=\"http:\/\/toptek.com.br\/2018\/wp-content\/uploads\/2017\/09\/orchead.jpg 223w, http:\/\/toptek.com.br\/2018\/wp-content\/uploads\/2017\/09\/orchead-120x37.jpg 120w\" sizes=\"(max-width: 223px) 100vw, 223px\" \/><\/div>\n\t\t<\/figure>\n\t<\/div>\n<\/div><\/div><\/div><div class=\"wpb_column vc_column_container vc_col-sm-9\"><div class=\"vc_column-inner \"><div class=\"wpb_wrapper\"><\/div><\/div><\/div><\/div><div class=\"vc_row wpb_row vc_row-fluid formOrc vc_custom_1505995878892\"><div class=\"wpb_column vc_column_container vc_col-sm-8\"><div class=\"vc_column-inner \"><div class=\"wpb_wrapper\">\n<div class=\"wpcf7 no-js\" id=\"wpcf7-f107-o1\" lang=\"pt-BR\" dir=\"ltr\" data-wpcf7-id=\"107\">\n<div class=\"screen-reader-response\"><p role=\"status\" aria-live=\"polite\" aria-atomic=\"true\"><\/p> <ul><\/ul><\/div>\n<form action=\"\/2018\/wp-json\/wp\/v2\/pages\/105#wpcf7-f107-o1\" method=\"post\" class=\"wpcf7-form init\" aria-label=\"Formul\u00e1rios de contato\" novalidate=\"novalidate\" data-status=\"init\">\n<div style=\"display: none;\">\n<input type=\"hidden\" name=\"_wpcf7\" value=\"107\" \/>\n<input type=\"hidden\" name=\"_wpcf7_version\" value=\"6.0.6\" \/>\n<input type=\"hidden\" name=\"_wpcf7_locale\" value=\"pt_BR\" \/>\n<input type=\"hidden\" name=\"_wpcf7_unit_tag\" value=\"wpcf7-f107-o1\" \/>\n<input type=\"hidden\" name=\"_wpcf7_container_post\" value=\"0\" \/>\n<input type=\"hidden\" name=\"_wpcf7_posted_data_hash\" value=\"\" \/>\n<\/div>\n<p>Nome (obrigat\u00f3rio)<br \/>\n<span class=\"wpcf7-form-control-wrap\" data-name=\"your-name\"><input size=\"40\" maxlength=\"400\" class=\"wpcf7-form-control wpcf7-text wpcf7-validates-as-required\" aria-required=\"true\" aria-invalid=\"false\" value=\"\" type=\"text\" name=\"your-name\" \/><\/span>\n<\/p>\n<p>E-mail (obrigat\u00f3rio)<br \/>\n<span class=\"wpcf7-form-control-wrap\" data-name=\"your-email\"><input size=\"40\" maxlength=\"400\" class=\"wpcf7-form-control wpcf7-text wpcf7-validates-as-required\" aria-required=\"true\" aria-invalid=\"false\" value=\"\" type=\"text\" name=\"your-email\" \/><\/span>\n<\/p>\n<p>Telefone (obrigat\u00f3rio)<br \/>\n<span class=\"wpcf7-form-control-wrap\" data-name=\"tel\"><input size=\"40\" maxlength=\"400\" class=\"wpcf7-form-control wpcf7-text wpcf7-validates-as-required\" aria-required=\"true\" aria-invalid=\"false\" value=\"\" type=\"text\" name=\"tel\" \/><\/span>\n<\/p>\n<p>Empresa<br \/>\n<span class=\"wpcf7-form-control-wrap\" data-name=\"empresa\"><input size=\"40\" maxlength=\"400\" class=\"wpcf7-form-control wpcf7-text\" aria-invalid=\"false\" value=\"\" type=\"text\" name=\"empresa\" \/><\/span>\n<\/p>\n<p>Necessidades<br \/>\n<span class=\"wpcf7-form-control-wrap\" data-name=\"necessidades\"><span class=\"wpcf7-form-control wpcf7-checkbox wpcf7-validates-as-required\"><span class=\"wpcf7-list-item first\"><input type=\"checkbox\" name=\"necessidades[]\" value=\"Lousas Digitais\" \/><span class=\"wpcf7-list-item-label\">Lousas Digitais<\/span><\/span><span class=\"wpcf7-list-item\"><input type=\"checkbox\" name=\"necessidades[]\" value=\"Displays Interativos\" \/><span class=\"wpcf7-list-item-label\">Displays Interativos<\/span><\/span><span class=\"wpcf7-list-item\"><input type=\"checkbox\" name=\"necessidades[]\" value=\"Acess\u00f3rios\" \/><span class=\"wpcf7-list-item-label\">Acess\u00f3rios<\/span><\/span><span class=\"wpcf7-list-item\"><input type=\"checkbox\" name=\"necessidades[]\" value=\"Redes e Servidores\" \/><span class=\"wpcf7-list-item-label\">Redes e Servidores<\/span><\/span><span class=\"wpcf7-list-item\"><input type=\"checkbox\" name=\"necessidades[]\" value=\"Monitoramento\" \/><span class=\"wpcf7-list-item-label\">Monitoramento<\/span><\/span><span class=\"wpcf7-list-item\"><input type=\"checkbox\" name=\"necessidades[]\" value=\"Mobili\u00e1rio Escolar\" \/><span class=\"wpcf7-list-item-label\">Mobili\u00e1rio Escolar<\/span><\/span><span class=\"wpcf7-list-item\"><input type=\"checkbox\" name=\"necessidades[]\" value=\"Solu\u00e7\u00f5es Wireless\" \/><span class=\"wpcf7-list-item-label\">Solu\u00e7\u00f5es Wireless<\/span><\/span><span class=\"wpcf7-list-item\"><input type=\"checkbox\" name=\"necessidades[]\" value=\"Gabinete M\u00f3vel de Recarga\" \/><span class=\"wpcf7-list-item-label\">Gabinete M\u00f3vel de Recarga<\/span><\/span><span class=\"wpcf7-list-item\"><input type=\"checkbox\" name=\"necessidades[]\" value=\"Projetores\" \/><span class=\"wpcf7-list-item-label\">Projetores<\/span><\/span><span class=\"wpcf7-list-item\"><input type=\"checkbox\" name=\"necessidades[]\" value=\"Sonoriza\u00e7\u00e3o\" \/><span class=\"wpcf7-list-item-label\">Sonoriza\u00e7\u00e3o<\/span><\/span><span class=\"wpcf7-list-item\"><input type=\"checkbox\" name=\"necessidades[]\" value=\"C\u00e2meras de Documentos\" \/><span class=\"wpcf7-list-item-label\">C\u00e2meras de Documentos<\/span><\/span><span class=\"wpcf7-list-item\"><input type=\"checkbox\" name=\"necessidades[]\" value=\"Financiamento\" \/><span class=\"wpcf7-list-item-label\">Financiamento<\/span><\/span><span class=\"wpcf7-list-item\"><input type=\"checkbox\" name=\"necessidades[]\" value=\"Treinamento\" \/><span class=\"wpcf7-list-item-label\">Treinamento<\/span><\/span><span class=\"wpcf7-list-item last\"><input type=\"checkbox\" name=\"necessidades[]\" value=\"Instala\u00e7\u00e3o\" \/><span class=\"wpcf7-list-item-label\">Instala\u00e7\u00e3o<\/span><\/span><\/span><\/span>\n<\/p>\n<p>Observa\u00e7\u00f5es<br \/>\n<span class=\"wpcf7-form-control-wrap\" data-name=\"observacoes\"><textarea cols=\"40\" rows=\"10\" maxlength=\"2000\" class=\"wpcf7-form-control wpcf7-textarea\" aria-invalid=\"false\" name=\"observacoes\"><\/textarea><\/span>\n<\/p>\n<p><input class=\"wpcf7-form-control wpcf7-submit has-spinner\" type=\"submit\" value=\"Enviar\" \/>\n<\/p><div class=\"wpcf7-response-output\" aria-hidden=\"true\"><\/div>\n<\/form>\n<\/div>\n<\/div><\/div><\/div><div class=\"wpb_column vc_column_container vc_col-sm-4\"><div class=\"vc_column-inner \"><div class=\"wpb_wrapper\">\n\t<div class=\"wpb_text_column wpb_content_element \" >\n\t\t<div class=\"wpb_wrapper\">\n\t\t\t<h3>Fale conosco<\/h3>\n<h4>Tel.: 11 3164.7188<\/h4>\n<h4><a href=\"mailto:atendimento@toptek.com.br\">atendimento@toptek.com.br<\/a><\/h4>\n\n\t\t<\/div>\n\t<\/div>\n<\/div><\/div><\/div><\/div>\n","protected":false},"excerpt":{"rendered":"Nome (obrigat\u00f3rio) E-mail (obrigat\u00f3rio) Telefone (obrigat\u00f3rio) Empresa Necessidades Lousas DigitaisDisplays InterativosAcess\u00f3riosRedes e ServidoresMonitoramentoMobili\u00e1rio EscolarSolu\u00e7\u00f5es WirelessGabinete M\u00f3vel de RecargaProjetoresSonoriza\u00e7\u00e3oC\u00e2meras de DocumentosFinanciamentoTreinamentoInstala\u00e7\u00e3o Observa\u00e7\u00f5es Fale conosco Tel.: 11 3164.7188 atendimento@toptek.com.br","protected":false},"author":1,"featured_media":0,"parent":0,"menu_order":0,"comment_status":"closed","ping_status":"closed","template":"","meta":{"footnotes":""},"class_list":["post-105","page","type-page","status-publish","hentry"],"yoast_head":"<!-- This site is optimized with the Yoast SEO plugin v26.9 - https:\/\/yoast.com\/product\/yoast-seo-wordpress\/ -->\n<title>Or\u00e7amento - TOPTEK<\/title>\n<meta name=\"robots\" content=\"index, follow, max-snippet:-1, max-image-preview:large, max-video-preview:-1\" \/>\n<link rel=\"canonical\" href=\"https:\/\/toptek.com.br\/2018\/orcamento\/\" \/>\n<meta property=\"og:locale\" content=\"pt_BR\" \/>\n<meta property=\"og:type\" content=\"article\" \/>\n<meta property=\"og:title\" content=\"Or\u00e7amento - TOPTEK\" \/>\n<meta property=\"og:url\" content=\"https:\/\/toptek.com.br\/2018\/orcamento\/\" \/>\n<meta property=\"og:site_name\" content=\"TOPTEK\" \/>\n<meta property=\"article:modified_time\" content=\"2018-02-05T16:03:21+00:00\" \/>\n<meta name=\"twitter:card\" content=\"summary_large_image\" \/>\n<script type=\"application\/ld+json\" class=\"yoast-schema-graph\">{\"@context\":\"https:\/\/schema.org\",\"@graph\":[{\"@type\":\"WebPage\",\"@id\":\"https:\/\/toptek.com.br\/2018\/orcamento\/\",\"url\":\"https:\/\/toptek.com.br\/2018\/orcamento\/\",\"name\":\"Or\u00e7amento - TOPTEK\",\"isPartOf\":{\"@id\":\"http:\/\/toptek.com.br\/2018\/#website\"},\"datePublished\":\"2017-09-21T03:30:56+00:00\",\"dateModified\":\"2018-02-05T16:03:21+00:00\",\"breadcrumb\":{\"@id\":\"https:\/\/toptek.com.br\/2018\/orcamento\/#breadcrumb\"},\"inLanguage\":\"pt-BR\",\"potentialAction\":[{\"@type\":\"ReadAction\",\"target\":[\"https:\/\/toptek.com.br\/2018\/orcamento\/\"]}]},{\"@type\":\"BreadcrumbList\",\"@id\":\"https:\/\/toptek.com.br\/2018\/orcamento\/#breadcrumb\",\"itemListElement\":[{\"@type\":\"ListItem\",\"position\":1,\"name\":\"In\u00edcio\",\"item\":\"http:\/\/toptek.com.br\/2018\/\"},{\"@type\":\"ListItem\",\"position\":2,\"name\":\"Or\u00e7amento\"}]},{\"@type\":\"WebSite\",\"@id\":\"http:\/\/toptek.com.br\/2018\/#website\",\"url\":\"http:\/\/toptek.com.br\/2018\/\",\"name\":\"TOPTEK\",\"description\":\"Lousas smart, robogarden e solu\u00e7\u00f5es customizadas\",\"potentialAction\":[{\"@type\":\"SearchAction\",\"target\":{\"@type\":\"EntryPoint\",\"urlTemplate\":\"http:\/\/toptek.com.br\/2018\/?s={search_term_string}\"},\"query-input\":{\"@type\":\"PropertyValueSpecification\",\"valueRequired\":true,\"valueName\":\"search_term_string\"}}],\"inLanguage\":\"pt-BR\"}]}<\/script>\n<!-- \/ Yoast SEO plugin. -->","yoast_head_json":{"title":"Or\u00e7amento - TOPTEK","robots":{"index":"index","follow":"follow","max-snippet":"max-snippet:-1","max-image-preview":"max-image-preview:large","max-video-preview":"max-video-preview:-1"},"canonical":"https:\/\/toptek.com.br\/2018\/orcamento\/","og_locale":"pt_BR","og_type":"article","og_title":"Or\u00e7amento - TOPTEK","og_url":"https:\/\/toptek.com.br\/2018\/orcamento\/","og_site_name":"TOPTEK","article_modified_time":"2018-02-05T16:03:21+00:00","twitter_card":"summary_large_image","schema":{"@context":"https:\/\/schema.org","@graph":[{"@type":"WebPage","@id":"https:\/\/toptek.com.br\/2018\/orcamento\/","url":"https:\/\/toptek.com.br\/2018\/orcamento\/","name":"Or\u00e7amento - TOPTEK","isPartOf":{"@id":"http:\/\/toptek.com.br\/2018\/#website"},"datePublished":"2017-09-21T03:30:56+00:00","dateModified":"2018-02-05T16:03:21+00:00","breadcrumb":{"@id":"https:\/\/toptek.com.br\/2018\/orcamento\/#breadcrumb"},"inLanguage":"pt-BR","potentialAction":[{"@type":"ReadAction","target":["https:\/\/toptek.com.br\/2018\/orcamento\/"]}]},{"@type":"BreadcrumbList","@id":"https:\/\/toptek.com.br\/2018\/orcamento\/#breadcrumb","itemListElement":[{"@type":"ListItem","position":1,"name":"In\u00edcio","item":"http:\/\/toptek.com.br\/2018\/"},{"@type":"ListItem","position":2,"name":"Or\u00e7amento"}]},{"@type":"WebSite","@id":"http:\/\/toptek.com.br\/2018\/#website","url":"http:\/\/toptek.com.br\/2018\/","name":"TOPTEK","description":"Lousas smart, robogarden e solu\u00e7\u00f5es customizadas","potentialAction":[{"@type":"SearchAction","target":{"@type":"EntryPoint","urlTemplate":"http:\/\/toptek.com.br\/2018\/?s={search_term_string}"},"query-input":{"@type":"PropertyValueSpecification","valueRequired":true,"valueName":"search_term_string"}}],"inLanguage":"pt-BR"}]}},"_links":{"self":[{"href":"http:\/\/toptek.com.br\/2018\/wp-json\/wp\/v2\/pages\/105","targetHints":{"allow":["GET"]}}],"collection":[{"href":"http:\/\/toptek.com.br\/2018\/wp-json\/wp\/v2\/pages"}],"about":[{"href":"http:\/\/toptek.com.br\/2018\/wp-json\/wp\/v2\/types\/page"}],"author":[{"embeddable":true,"href":"http:\/\/toptek.com.br\/2018\/wp-json\/wp\/v2\/users\/1"}],"replies":[{"embeddable":true,"href":"http:\/\/toptek.com.br\/2018\/wp-json\/wp\/v2\/comments?post=105"}],"version-history":[{"count":12,"href":"http:\/\/toptek.com.br\/2018\/wp-json\/wp\/v2\/pages\/105\/revisions"}],"predecessor-version":[{"id":220,"href":"http:\/\/toptek.com.br\/2018\/wp-json\/wp\/v2\/pages\/105\/revisions\/220"}],"wp:attachment":[{"href":"http:\/\/toptek.com.br\/2018\/wp-json\/wp\/v2\/media?parent=105"}],"curies":[{"name":"wp","href":"https:\/\/api.w.org\/{rel}","templated":true}]}}